{"id":2,"date":"2021-06-09T10:39:44","date_gmt":"2021-06-09T02:39:44","guid":{"rendered":"https:\/\/www.solarbio-global.com\/?page_id=2"},"modified":"2025-09-10T14:23:02","modified_gmt":"2025-09-10T06:23:02","slug":"sample-page","status":"publish","type":"page","link":"https:\/\/www.solarbio-global.com\/fr\/sample-page\/","title":{"rendered":"Header&#038;Footer"},"content":{"rendered":"<p>\u8fd9\u662f\u793a\u8303\u9875\u9762\u3002\u9875\u9762\u548c\u535a\u5ba2\u6587\u7ae0\u4e0d\u540c\uff0c\u5b83\u7684\u4f4d\u7f6e\u662f\u56fa\u5b9a\u7684\uff0c\u901a\u5e38\u4f1a\u5728\u7ad9\u70b9\u5bfc\u822a\u680f\u663e\u793a\u3002\u5f88\u591a\u7528\u6237\u90fd\u521b\u5efa\u4e00\u4e2a\u201c\u5173\u4e8e\u201d\u9875\u9762\uff0c\u5411\u8bbf\u5ba2\u4ecb\u7ecd\u81ea\u5df1\u3002\u4f8b\u5982\uff1a<\/p>\r\n\r\n\r\n<blockquote class=\"wp-block-quote\">\r\n<p>\u55e8\uff0c\u5927\u5bb6\u597d\uff01\u6211\u767d\u5929\u662f\u4e2a\u90ae\u9012\u5458\uff0c\u665a\u4e0a\u5c31\u662f\u4e2a\u6709\u62b1\u8d1f\u7684\u6f14\u5458\u3002\u8fd9\u662f\u6211\u7684\u7f51\u7ad9\u3002\u6211\u4f4f\u5728\u5317\u4eac\uff0c\u517b\u4e86\u6761\u5409\u901a\u4eba\u6027\u7684\u72d7\u53eb\u5c0f\u9ed1\uff0c\u6211\u559c\u6b22\u827a\u672f\u548c\u65c5\u884c\u3002<\/p>\r\n<\/blockquote>\r\n\r\n\r\n<p>\u2026\u2026\u6216\u8fd9\u4e2a\uff1a<\/p>\r\n\r\n\r\n<blockquote class=\"wp-block-quote\">\r\n<p>XYZ Doohickey\u516c\u53f8\u6210\u7acb\u4e8e1971\u5e74\uff0c\u81ea\u4ece\u5efa\u7acb\u4ee5\u6765\uff0c\u6211\u4eec\u4e00\u76f4\u5411\u793e\u4f1a\u8d21\u732e\u7740\u4f18\u79c0doohickies\u3002\u6211\u4eec\u7684\u516c\u53f8\u603b\u90e8\u4f4d\u4e8e\u5929\u671d\u9b54\u90fd\uff0c\u6709\u7740\u8d85\u8fc7\u4e24\u5343\u540d\u5458\u5de5\uff0c\u5bf9\u9b54\u90fd\u653f\u5e9c\u7a0e\u6536\u6709\u7740\u5de8\u5927\u8d21\u732e\u3002<\/p>\r\n<\/blockquote>\r\n\r\n\r\n<p>\u800c\u60a8\uff0c\u4f5c\u4e3a\u4e00\u4f4dWordPress\u65b0\u7528\u6237\uff0c\u6211\u4eec\u5efa\u8bae\u60a8\u8bbf\u95ee<a href=\"https:\/\/www.solarbio-global.com\/wp-admin\/\">\u60a8\u7f51\u7ad9\u7684\u4eea\u8868\u76d8<\/a>\uff0c\u5220\u9664\u672c\u9875\u9762\uff0c\u7136\u540e\u521b\u5efa\u5305\u542b\u60a8\u81ea\u5df1\u5185\u5bb9\u7684\u65b0\u9875\u9762\u3002\u795d\u60a8\u4f7f\u7528\u6109\u5feb\uff01<\/p>","protected":false},"excerpt":{"rendered":"<p>Voici la page de d\u00e9monstration. Les pages et les articles de blog sont diff\u00e9rents, sa position est fixe et appara\u00eet g\u00e9n\u00e9ralement dans la barre de navigation du site. De nombreux utilisateurs cr\u00e9ent une page \u00ab \u00c0 propos \u00bb pour se pr\u00e9senter aux visiteurs. Par exemple: Bonjour \u00e0 tous! Je suis facteur le jour et aspirant acteur la nuit. C'est mon site. J'habite \u00e0 P\u00e9kin et j'ai \u00e9lev\u00e9 le chien humain de tongjitong appel\u00e9 Xiao Black, j'aime l'art et les voyages. ... ou ceci: la soci\u00e9t\u00e9 XYZ doohickey a \u00e9t\u00e9 fond\u00e9e en 1971 et depuis sa cr\u00e9ation, nous avons apport\u00e9 d'excellents doohickey \u00e0 la soci\u00e9t\u00e9. Notre soci\u00e9t\u00e9, dont le si\u00e8ge social est situ\u00e9 dans la dynastie du diable, emploie plus de deux mille personnes et contribue grandement aux imp\u00f4ts du Gouvernement du diable. Et vous, en tant que nouvel utilisateur de WordPress, nous vous recommandons de visiter le tableau de bord de votre site Web, de supprimer cette page et de cr\u00e9er une nouvelle page avec votre propre contenu. Bonne utilisation!<\/p>","protected":false},"author":1,"featured_media":0,"parent":0,"menu_order":4,"comment_status":"closed","ping_status":"closed","template":"","meta":[],"_links":{"self":[{"href":"https:\/\/www.solarbio-global.com\/fr\/wp-json\/wp\/v2\/pages\/2"}],"collection":[{"href":"https:\/\/www.solarbio-global.com\/fr\/wp-json\/wp\/v2\/pages"}],"about":[{"href":"https:\/\/www.solarbio-global.com\/fr\/wp-json\/wp\/v2\/types\/page"}],"author":[{"embeddable":true,"href":"https:\/\/www.solarbio-global.com\/fr\/wp-json\/wp\/v2\/users\/1"}],"replies":[{"embeddable":true,"href":"https:\/\/www.solarbio-global.com\/fr\/wp-json\/wp\/v2\/comments?post=2"}],"version-history":[{"count":33,"href":"https:\/\/www.solarbio-global.com\/fr\/wp-json\/wp\/v2\/pages\/2\/revisions"}],"predecessor-version":[{"id":2857,"href":"https:\/\/www.solarbio-global.com\/fr\/wp-json\/wp\/v2\/pages\/2\/revisions\/2857"}],"wp:attachment":[{"href":"https:\/\/www.solarbio-global.com\/fr\/wp-json\/wp\/v2\/media?parent=2"}],"curies":[{"name":"WP","href":"https:\/\/api.w.org\/{rel}","templated":true}]}}